{"id":99,"date":"2015-12-27T01:44:43","date_gmt":"2015-12-27T00:44:43","guid":{"rendered":"http:\/\/ferienhaus-fuchsloch.eu\/?page_id=99"},"modified":"2025-12-04T11:57:28","modified_gmt":"2025-12-04T10:57:28","slug":"preise-kleines-fuchsloch","status":"publish","type":"page","link":"https:\/\/ferienhaus-fuchsloch.eu\/?page_id=99","title":{"rendered":"Preise kleines Fuchsloch"},"content":{"rendered":"<h2 class=\"text\">Preise FeWo &#8222;<strong>Kleines Fuchsloch&#8220;<\/strong><\/h2>\n<ul>\n<li>2 <strong>(nur auf Anfrage)<\/strong> &#8211; 3 \u00dcbernachtungen Preis: 115,00\u20ac \/ \u00dcbernachtung<\/li>\n<li>ab 4 \u00dcbernachtungen: 100,00 \u20ac \/ \u00dcbernachtung<\/li>\n<\/ul>\n<h3>Saisonregelung:<\/h3>\n<h4>Nebensaison: 01. Januar bis 30. April &amp; <br \/>01. November &#8211; 31. Dezember<\/h4>\n<p>Minimum Anzahl \u00dcbernachtungen: 3 (ausgenommen Osterferien),<br \/>2 \u00dcbernachtungen nur auf Anfrage<\/p>\n<h4>NRW-Osterferien &amp; NRW-Sommerferien<\/h4>\n<p>Minimum Anzahl \u00dcbernachtungen: 7<\/p>\n<h4>Hauptsaison: 01. Mai bis 30. September<\/h4>\n<p>Minimum Anzahl \u00dcbernachtungen: 7<\/p>\n<h4>Herbst: 01. Oktober bis 31. Oktober<\/h4>\n<p>Minimum Anzahl \u00dcbernachtungen: 4<\/p>\n<h4>Feiertage<\/h4>\n<h4>(Karneval, Christi Himmelfahrt, Pfingsten, Fronleichnam, Tag der Deutschen Einheit, Weihnachten)<\/h4>\n<p>Minimum Anzahl \u00dcbernachtungen: 4\u00a0<\/p>\n<hr \/>\n<p><strong>In diesen Preisen ist die Bettw\u00e4sche, Hand-und Badet\u00fccher, Nebenkosten (Strom, Wasser, Heizung) und auch die Endreinigung* enthalten.<\/strong><\/p>\n<p>Es wird eine <strong>Kaution von 150 \u20ac<\/strong> erhoben, die nach der Abreise und einwandfreiem Zustand des Objekts zur\u00fcck \u00fcberwiesen wird.<\/p>\n<p>Die Gemeinde Simmerath verlangt ab 01.01.2025 eine \u00dcbernachtungsabgabe von 5%, welche separat ausgewiesen wird.<\/p>\n<h4>Weitere Personen, Kinder und Hunde<\/h4>\n<ul>\n<li>Jede weitere Person (3. Pers., oder vielleicht 2 Kinder) ab 5 Jahren: 30,00\u20ac \/ \u00dcbernachtung pro Person (Schlafsofa im Wohnraum)<\/li>\n<li>Kleinkinder unter 5 Jahre im Kinderbett oder im Bett der Eltern frei.<\/li>\n<\/ul>\n<p>1 <strong>kleiner Hund<\/strong> ( Kopfh\u00f6he max. 50cm, keine Ausnahmen), ist als Gast willkommen und wird mit 15,00 \u20ac \/\u00dcbernachtung berechnet. Hundedecke, oder Korb, Hundehand- bzw. Badetuch\u00a0 bitte mitbringen.<\/p>\n<p><strong>Die Tiere d\u00fcrfen<\/strong> <strong>auch mit Decke <span style=\"color: #0000ff;\"><em>nicht<\/em><\/span> aufs Sofa\/Bett und<\/strong> <strong><em><span style=\"color: #0000ff;\">nicht<\/span><\/em> alleine in der Wohnung bleiben. <\/strong>Da die Terrasse teilweise offen zu den Nachbarwohungen ist, ist unbedingt darauf zu achten, dass andere G\u00e4ste nicht bel\u00e4stigt werden.<\/p>\n<p>Gegen eine kleine Geb\u00fchr ist die Anmietung einer Finnischen Grillkota m\u00f6glich.<\/p>\n<hr \/>\n<p><strong>Bitte gestalten Sie Ihren Aufenthalt so, dass es f\u00fcr Sie eine sch\u00f6ne Zeit wird, und auch andere Ferieng\u00e4ste in den Nachbarwohnungen und am Bootssteg, nicht beeintr\u00e4chtigt werden<\/strong>.\u00a0\u00a0\u00a0\u00a0\u00a0\u00a0\u00a0\u00a0\u00a0\u00a0\u00a0<\/p>\n<p>Allgemeine Ruhezeiten: \u00a0\u00a0\u00a0\u00a0\u00a0\u00a0\u00a0\u00a0\u00a0\u00a0\u00a0\u00a0\u00a0\u00a0\u00a0\u00a0\u00a0\u00a0\u00a0\u00a0\u00a0\u00a0\u00a0\u00a0\u00a0\u00a0\u00a0\u00a0\u00a0\u00a0\u00a0\u00a0<\/p>\n<ul>\n<li>13 &#8211; 15 Uhr (Mittagsruhe)<\/li>\n<li>ab 22 Uhr (Nachtruhe)<\/li>\n<\/ul>\n<hr \/>\n<h4>Endreinigung<\/h4>\n<p><strong>Die Endreinigung<\/strong> ist im Preis enthalten, aber \u00fcbliche Regeln der \u00dcbergabe nach Ihrem Aufenthalt sind nat\u00fcrlich einzuhalten:<\/p>\n<p>Es w\u00e4re sehr freundlich, wenn Sie die B\u00f6den und vielleicht auch die Treppen vor dem Verlassen des Hauses absaugen, also wie bei Ferienh\u00e4usern \u00fcblich, besenrein hinterlassen.<\/p>\n<p><strong>Bitte bringen Sie unseren Mitarbeiterinnen, die daf\u00fcr sorgen, dass jeder das Haus und die Wohnungen wieder in einem TOP Zustand vorfindet, so viel Respekt entgegen, dass diese Damen nicht Ihren M\u00fcll entsorgen m\u00fcssen.<\/strong><\/p>\n<h5>M\u00fclltrennung<\/h5>\n<ul>\n<li>Restm\u00fcll, Wertstoffe, Papier: Die M\u00fclleimer bitte in die M\u00fcllbeh\u00e4lter unter der Terrasse vor dem Haus (hinter dem Holztor) entleeren<\/li>\n<li>Altglas:<u> bitte zum Glascontainer am Ortsausgang bringen<\/u>.\u00a0\u00a0\u00a0\u00a0\u00a0\u00a0\u00a0\u00a0\u00a0<\/li>\n<\/ul>\n<hr \/>\n\n\n<h3>Buchungsbedingungen, Zahlung, Vertragsr\u00fccktritt:<\/h3>\n\n\n\n<p>Bitte beachten Sie auch unsere allgemeinen Vertragsbedingungen f\u00fcr alle Objekte. Hier finden Sie wichtige Hinweise zu den Buchungsbedingungen, Zahlungsbedingungen sowie Informationen zu Stornierung &amp; R\u00fccktritt.<\/p>\n\n\n\n<p>Diese k\u00f6nnen Sie hier nachlesen:<\/p>\n\n\n\n<p><a href=\"https:\/\/ferienhaus-fuchsloch.eu\/?page_id=682\">Allgemeine Bedingungen<\/a><\/p>\n","protected":false},"excerpt":{"rendered":"<p>Preise FeWo &#8222;Kleines Fuchsloch&#8220; 2 (nur auf Anfrage) &#8211; 3 \u00dcbernachtungen Preis: 115,00\u20ac \/ \u00dcbernachtung ab 4 \u00dcbernachtungen: 100,00 \u20ac \/ \u00dcbernachtung Saisonregelung: Nebensaison: 01. Januar bis 30. April &amp; 01. November &#8211; 31. Dezember Minimum Anzahl \u00dcbernachtungen: 3 (ausgenommen Osterferien),2 \u00dcbernachtungen nur auf Anfrage NRW-Osterferien &amp; NRW-Sommerferien Minimum Anzahl \u00dcbernachtungen: 7 Hauptsaison: 01. Mai [&hellip;]<\/p>\n","protected":false},"author":1,"featured_media":0,"parent":17,"menu_order":0,"comment_status":"closed","ping_status":"closed","template":"","meta":[],"_links":{"self":[{"href":"https:\/\/ferienhaus-fuchsloch.eu\/index.php?rest_route=\/wp\/v2\/pages\/99"}],"collection":[{"href":"https:\/\/ferienhaus-fuchsloch.eu\/index.php?rest_route=\/wp\/v2\/pages"}],"about":[{"href":"https:\/\/ferienhaus-fuchsloch.eu\/index.php?rest_route=\/wp\/v2\/types\/page"}],"author":[{"embeddable":true,"href":"https:\/\/ferienhaus-fuchsloch.eu\/index.php?rest_route=\/wp\/v2\/users\/1"}],"replies":[{"embeddable":true,"href":"https:\/\/ferienhaus-fuchsloch.eu\/index.php?rest_route=%2Fwp%2Fv2%2Fcomments&post=99"}],"version-history":[{"count":45,"href":"https:\/\/ferienhaus-fuchsloch.eu\/index.php?rest_route=\/wp\/v2\/pages\/99\/revisions"}],"predecessor-version":[{"id":969,"href":"https:\/\/ferienhaus-fuchsloch.eu\/index.php?rest_route=\/wp\/v2\/pages\/99\/revisions\/969"}],"up":[{"embeddable":true,"href":"https:\/\/ferienhaus-fuchsloch.eu\/index.php?rest_route=\/wp\/v2\/pages\/17"}],"wp:attachment":[{"href":"https:\/\/ferienhaus-fuchsloch.eu\/index.php?rest_route=%2Fwp%2Fv2%2Fmedia&parent=99"}],"curies":[{"name":"wp","href":"https:\/\/api.w.org\/{rel}","templated":true}]}}