{"id":795,"date":"2021-08-28T13:07:04","date_gmt":"2021-08-28T12:07:04","guid":{"rendered":"https:\/\/ferienhaus-fuchsloch.eu\/?page_id=795"},"modified":"2021-11-22T09:31:42","modified_gmt":"2021-11-22T08:31:42","slug":"ankerplatz-rursee","status":"publish","type":"page","link":"https:\/\/ferienhaus-fuchsloch.eu\/?page_id=795","title":{"rendered":"Ankerplatz Rursee"},"content":{"rendered":"\n<p><\/p>\n\n\n\n<div class=\"wp-block-cover alignfull has-background-dim\" style=\"background-color:#ffffff;min-height:100vh\"><div class=\"wp-block-cover__inner-container\">\n<div class=\"wp-block-media-text alignwide is-stacked-on-mobile is-vertically-aligned-center is-image-fill\" style=\"grid-template-columns:56% auto\"><figure class=\"wp-block-media-text__media\" style=\"background-image:url(https:\/\/ferienhaus-fuchsloch.eu\/wp-content\/uploads\/2021\/08\/images__blog__Seesicht_small__370x0.jpg);background-position:50% 50%\"><img loading=\"lazy\" width=\"370\" height=\"277\" src=\"https:\/\/ferienhaus-fuchsloch.eu\/wp-content\/uploads\/2021\/08\/images__blog__Seesicht_small__370x0.jpg\" alt=\"\" class=\"wp-image-796 size-full\" srcset=\"https:\/\/ferienhaus-fuchsloch.eu\/wp-content\/uploads\/2021\/08\/images__blog__Seesicht_small__370x0.jpg 370w, https:\/\/ferienhaus-fuchsloch.eu\/wp-content\/uploads\/2021\/08\/images__blog__Seesicht_small__370x0-300x225.jpg 300w\" sizes=\"(max-width: 370px) 100vw, 370px\" \/><\/figure><div class=\"wp-block-media-text__content\">\n<h2 class=\"has-text-color\" style=\"color:#000000;font-size:32px\">Ferienappartement &#8222;Ankerplatz&#8220;<\/h2>\n\n\n\n<p class=\"has-text-color\" style=\"color:#000000;font-size:17px\">Der &#8222;Ankerplatz&#8220; bietet Platz f\u00fcr 1-2 Personen. Bitte stellen Sie Ihre Anfrage direkt an Familie Ewert. Sie erreichen Dagmar und Frank Ewert \u00fcber dagmar.ewert@gmx.de oder telefonisch \u00fcber 02473\/1766 und 0171\/1230587. Gerne auch per WhatsApp.<\/p>\n\n\n\n<p>Dag<\/p>\n\n\n\n<p>&#8222;D<\/p>\n\n\n\n<div class=\"wp-block-buttons\">\n<div class=\"wp-block-button is-style-fill\"><a class=\"wp-block-button__link\" href=\"https:\/\/ferienhaus-fuchsloch.eu\/\">Zum Ferienhaus Fuchsloch<\/a><\/div>\n<\/div>\n<\/div><\/div>\n<\/div><\/div>\n","protected":false},"excerpt":{"rendered":"","protected":false},"author":1,"featured_media":0,"parent":0,"menu_order":0,"comment_status":"closed","ping_status":"closed","template":"","meta":[],"_links":{"self":[{"href":"https:\/\/ferienhaus-fuchsloch.eu\/index.php?rest_route=\/wp\/v2\/pages\/795"}],"collection":[{"href":"https:\/\/ferienhaus-fuchsloch.eu\/index.php?rest_route=\/wp\/v2\/pages"}],"about":[{"href":"https:\/\/ferienhaus-fuchsloch.eu\/index.php?rest_route=\/wp\/v2\/types\/page"}],"author":[{"embeddable":true,"href":"https:\/\/ferienhaus-fuchsloch.eu\/index.php?rest_route=\/wp\/v2\/users\/1"}],"replies":[{"embeddable":true,"href":"https:\/\/ferienhaus-fuchsloch.eu\/index.php?rest_route=%2Fwp%2Fv2%2Fcomments&post=795"}],"version-history":[{"count":4,"href":"https:\/\/ferienhaus-fuchsloch.eu\/index.php?rest_route=\/wp\/v2\/pages\/795\/revisions"}],"predecessor-version":[{"id":842,"href":"https:\/\/ferienhaus-fuchsloch.eu\/index.php?rest_route=\/wp\/v2\/pages\/795\/revisions\/842"}],"wp:attachment":[{"href":"https:\/\/ferienhaus-fuchsloch.eu\/index.php?rest_route=%2Fwp%2Fv2%2Fmedia&parent=795"}],"curies":[{"name":"wp","href":"https:\/\/api.w.org\/{rel}","templated":true}]}}