{"id":682,"date":"2019-09-08T15:04:20","date_gmt":"2019-09-08T14:04:20","guid":{"rendered":"http:\/\/ferienhaus-fuchsloch.eu\/?page_id=682"},"modified":"2019-09-08T15:04:21","modified_gmt":"2019-09-08T14:04:21","slug":"allgemeine-bedingungen","status":"publish","type":"page","link":"https:\/\/ferienhaus-fuchsloch.eu\/?page_id=682","title":{"rendered":"Allgemeine Bedingungen"},"content":{"rendered":"\n<h4>Buchungsbedingungen:<\/h4>\n\n\n\n<p>Gerne k\u00f6nnen Sie eine unverbindliche Anfrage an uns richten. Wir senden Ihnen dann ein Angebot per E-Mail zu. Das Angebot ist 7 Tage g\u00fcltig. Ihre Buchung gilt als verbindlich, sobald Sie dieses Angebot (formlos) annehmen. Wir senden Ihnen dann f\u00fcr Ihre Buchungsunterlagen eine Buchungsbest\u00e4tigung sowie den Mietvertrag an die angegebene E-Mailadresse.<\/p>\n\n\n\n<h4>Zahlungsbedingungen:<\/h4>\n\n\n\n<p>Der im Mietvertrag vereinbarte Endpreis ist <strong>vor Anreise<\/strong> f\u00e4llig: Eine <strong>Anzahlung<\/strong> von 30 % des Endpreises ist innerhalb von 7 Tagen nach Buchung f\u00e4llig. Die <strong>Restzahlung<\/strong> erfolgt sp\u00e4testens 7 Tage vor Anreise.<\/p>\n\n\n\n<p>Es wird um Zahlung per \u00dcberweisung an die angegebene Bankverbindung gebeten. Abweichende Zahlungsweisen m\u00fcssen ausdr\u00fccklich im Vorfeld der Buchung schriftlich vereinbart werden.<\/p>\n\n\n\n<h4>Mietvertrag: Rechte &amp; Pflichten<\/h4>\n\n\n\n<p>Bitte beachten Sie, dass Sie mit einer Buchung einen Beherbergungsvertrag eingehen, der mit Rechten und Pflichten verbunden ist. Es gelten die Vorgaben des Deutschen Tourismusverbandes.<\/p>\n\n\n\n<p>Sie akzeptieren diese Bedingungen und unseren Leitfaden, den wir Ihnen mit dem Angebot \u00fcbermitteln. Mit Annahme des Angebots tritt der Buchungsvertrag in Kraft und Sie sind f\u00fcr die Einhaltung dieser verantwortlich.<\/p>\n\n\n\n<h4>Stornierungen &amp; R\u00fccktritt:<\/h4>\n\n\n\n<p>Wurde ein verbindlicher Beherbergungsvertrag geschlossen, so gilt:<\/p>\n\n\n\n<p><strong>Gebucht ist gebucht.<\/strong><\/p>\n\n\n\n<p>Im Falle einer Stornierung von Ihrer Seite werden Stornierungsgeb\u00fchren f\u00e4llig.<\/p>\n\n\n\n<p>Keiner der Vertragsparteien kann einseitig vom abgeschlossenen Vertrag zur\u00fccktreten, ganz gleich welche Stornogr\u00fcnde (Ausnahme: H\u00f6here Gewalt) vorliegen. Schlechtes Wetter, Krankheit und selbst ein Todesfall im engsten Familienkreis rechtfertigen keinen R\u00fccktritt vom Vertrag. Die Parteien k\u00f6nnen sich jedoch jederzeit auf eine einvernehmliche Aufl\u00f6sung des Vertrages einigen. In diesem Fall kann der Vermieter den vereinbarten oder betriebs\u00fcblichen Mietpreis abz\u00fcglich seiner ersparten Aufwendungen vom Gast verlangen. Auf den R\u00fccktrittzeitpunkt kommt es dabei nicht an. Auch wenn der Gast beispielsweise ein halbes Jahr vor der geplanten Anreise den Beherbergungsvertrag storniert, bleibt er zur Zahlung des vereinbarten oder betriebs\u00fcblichen Mietpreises verpflichtet. Der Vermieter\/Hotelier muss sich jedoch ersparte Aufwendungen auf seinen Anspruch anrechnen lassen. Von der Rechtsprechung wird der Wert der ersparten Aufwendungen bei Vermietung einer Ferienwohnung oder eines Ferienhauses pauschal mit 10% des Unterkunftspreises als angemessen anerkannt.<\/p>\n\n\n\n<p>Der Vermieter ist jedoch nach Treu und Glauben gehalten, die gebuchte Unterkunft anderweitig zu vergeben, um den Schaden so gering wie m\u00f6glich zu halten.<\/p>\n\n\n\n<h4>Reiser\u00fccktrittsversicherung<\/h4>\n\n\n\n<p>Wir empfehlen allen Mietern den Abschluss einer Reiser\u00fccktrittsversicherung um einen m\u00f6glichen Schaden im Stornierungsfall gering zu halten.<br>Wir empfehlen die &#8222;Union Reiseversicherung&#8220; (www.urv.de). Selbstverst\u00e4ndlich hat der Mieter das Recht auf eine Reiser\u00fccktrittsversicherung seiner Wahl. Es gilt zu beachten, dass der Vermieter nicht als Vermittler der Versicherung auftritt.<\/p>\n","protected":false},"excerpt":{"rendered":"<p>Buchungsbedingungen: Gerne k\u00f6nnen Sie eine unverbindliche Anfrage an uns richten. Wir senden Ihnen dann ein Angebot per E-Mail zu. Das Angebot ist 7 Tage g\u00fcltig. Ihre Buchung gilt als verbindlich, sobald Sie dieses Angebot (formlos) annehmen. Wir senden Ihnen dann f\u00fcr Ihre Buchungsunterlagen eine Buchungsbest\u00e4tigung sowie den Mietvertrag an die angegebene E-Mailadresse. Zahlungsbedingungen: Der im [&hellip;]<\/p>\n","protected":false},"author":1,"featured_media":0,"parent":173,"menu_order":0,"comment_status":"closed","ping_status":"closed","template":"","meta":[],"_links":{"self":[{"href":"https:\/\/ferienhaus-fuchsloch.eu\/index.php?rest_route=\/wp\/v2\/pages\/682"}],"collection":[{"href":"https:\/\/ferienhaus-fuchsloch.eu\/index.php?rest_route=\/wp\/v2\/pages"}],"about":[{"href":"https:\/\/ferienhaus-fuchsloch.eu\/index.php?rest_route=\/wp\/v2\/types\/page"}],"author":[{"embeddable":true,"href":"https:\/\/ferienhaus-fuchsloch.eu\/index.php?rest_route=\/wp\/v2\/users\/1"}],"replies":[{"embeddable":true,"href":"https:\/\/ferienhaus-fuchsloch.eu\/index.php?rest_route=%2Fwp%2Fv2%2Fcomments&post=682"}],"version-history":[{"count":1,"href":"https:\/\/ferienhaus-fuchsloch.eu\/index.php?rest_route=\/wp\/v2\/pages\/682\/revisions"}],"predecessor-version":[{"id":683,"href":"https:\/\/ferienhaus-fuchsloch.eu\/index.php?rest_route=\/wp\/v2\/pages\/682\/revisions\/683"}],"up":[{"embeddable":true,"href":"https:\/\/ferienhaus-fuchsloch.eu\/index.php?rest_route=\/wp\/v2\/pages\/173"}],"wp:attachment":[{"href":"https:\/\/ferienhaus-fuchsloch.eu\/index.php?rest_route=%2Fwp%2Fv2%2Fmedia&parent=682"}],"curies":[{"name":"wp","href":"https:\/\/api.w.org\/{rel}","templated":true}]}}