{"id":62,"date":"2015-12-27T00:47:19","date_gmt":"2015-12-26T23:47:19","guid":{"rendered":"http:\/\/ferienhaus-fuchsloch.eu\/?page_id=62"},"modified":"2022-09-13T05:51:59","modified_gmt":"2022-09-13T04:51:59","slug":"herzlich-willkommen","status":"publish","type":"page","link":"https:\/\/ferienhaus-fuchsloch.eu\/","title":{"rendered":"Herzlich Willkommen"},"content":{"rendered":"<h1 style=\"text-align: center;\">Herzlich Willkommen im Fuchsloch<\/h1>\n<h2 style=\"text-align: center;\"><img loading=\"lazy\" class=\"aligncenter size-full wp-image-164\" src=\"https:\/\/ferienhaus-fuchsloch.eu\/wp-content\/uploads\/2015\/12\/sterne.gif\" alt=\"sterne\" width=\"139\" height=\"30\" \/><\/h2>\n<h2 style=\"text-align: center;\">4 Sterne-Urlaub im Nationalpark Eifel am Ufer des Rursee<\/h2>\n<h2 style=\"text-align: center;\">Sie suchen eine komfortable Unterkunft in wunderbarer Natur?<\/h2>\n<p style=\"text-align: center;\">Egal ob f\u00fcr Gruppen von <strong><a href=\"https:\/\/ferienhaus-fuchsloch.eu\/?page_id=13\">6-12 Personen<\/a><\/strong> oder einfach nur <a href=\"https:\/\/ferienhaus-fuchsloch.eu\/?page_id=17\"><strong>zu Zweit<\/strong><\/a>:<\/p>\n<p style=\"text-align: center;\">Wir haben das richtige Angebot f\u00fcr Sie!<\/p>\n<p style=\"text-align: center;\"><strong>F\u00fcr insgesamt bis zu 20 Personen.<\/strong><\/p>\n<p style=\"text-align: center;\">Unsere vier Unterk\u00fcnfte liegen unmittelbar am Rurseeufer von Rurberg in ruhiger Lage am Ende einer Sackgasse.<\/p>\n<p><img loading=\"lazy\" class=\"alignleft wp-image-10\" src=\"https:\/\/ferienhaus-fuchsloch.eu\/wp-content\/uploads\/2015\/12\/Logo-Fuchsloch-finale-199x300.jpg\" alt=\"Logo Fuchsloch finale\" width=\"100\" height=\"151\" srcset=\"https:\/\/ferienhaus-fuchsloch.eu\/wp-content\/uploads\/2015\/12\/Logo-Fuchsloch-finale-199x300.jpg 199w, https:\/\/ferienhaus-fuchsloch.eu\/wp-content\/uploads\/2015\/12\/Logo-Fuchsloch-finale-768x1156.jpg 768w, https:\/\/ferienhaus-fuchsloch.eu\/wp-content\/uploads\/2015\/12\/Logo-Fuchsloch-finale-680x1024.jpg 680w, https:\/\/ferienhaus-fuchsloch.eu\/wp-content\/uploads\/2015\/12\/Logo-Fuchsloch-finale.jpg 1902w\" sizes=\"(max-width: 100px) 100vw, 100px\" \/><\/p>\n<p><span style=\"border-radius: 2px; text-indent: 20px; width: auto; padding: 0px 4px 0px 0px; text-align: center; font: bold 11px\/20px 'Helvetica Neue',Helvetica,sans-serif; color: #ffffff; background: #bd081c no-repeat scroll 3px 50% \/ 14px 14px; position: absolute; opacity: 1; z-index: 8675309; display: none; cursor: pointer;\">Merken<\/span><\/p>\n","protected":false},"excerpt":{"rendered":"<p>Herzlich Willkommen im Fuchsloch 4 Sterne-Urlaub im Nationalpark Eifel am Ufer des Rursee Sie suchen eine komfortable Unterkunft in wunderbarer Natur? Egal ob f\u00fcr Gruppen von 6-12 Personen oder einfach nur zu Zweit: Wir haben das richtige Angebot f\u00fcr Sie! F\u00fcr insgesamt bis zu 20 Personen. Unsere vier Unterk\u00fcnfte liegen unmittelbar am Rurseeufer von Rurberg [&hellip;]<\/p>\n","protected":false},"author":1,"featured_media":0,"parent":0,"menu_order":0,"comment_status":"closed","ping_status":"closed","template":"","meta":[],"_links":{"self":[{"href":"https:\/\/ferienhaus-fuchsloch.eu\/index.php?rest_route=\/wp\/v2\/pages\/62"}],"collection":[{"href":"https:\/\/ferienhaus-fuchsloch.eu\/index.php?rest_route=\/wp\/v2\/pages"}],"about":[{"href":"https:\/\/ferienhaus-fuchsloch.eu\/index.php?rest_route=\/wp\/v2\/types\/page"}],"author":[{"embeddable":true,"href":"https:\/\/ferienhaus-fuchsloch.eu\/index.php?rest_route=\/wp\/v2\/users\/1"}],"replies":[{"embeddable":true,"href":"https:\/\/ferienhaus-fuchsloch.eu\/index.php?rest_route=%2Fwp%2Fv2%2Fcomments&post=62"}],"version-history":[{"count":11,"href":"https:\/\/ferienhaus-fuchsloch.eu\/index.php?rest_route=\/wp\/v2\/pages\/62\/revisions"}],"predecessor-version":[{"id":863,"href":"https:\/\/ferienhaus-fuchsloch.eu\/index.php?rest_route=\/wp\/v2\/pages\/62\/revisions\/863"}],"wp:attachment":[{"href":"https:\/\/ferienhaus-fuchsloch.eu\/index.php?rest_route=%2Fwp%2Fv2%2Fmedia&parent=62"}],"curies":[{"name":"wp","href":"https:\/\/api.w.org\/{rel}","templated":true}]}}