{"id":48,"date":"2015-12-27T00:13:38","date_gmt":"2015-12-26T23:13:38","guid":{"rendered":"http:\/\/ferienhaus-fuchsloch.eu\/?page_id=48"},"modified":"2025-12-04T11:58:16","modified_gmt":"2025-12-04T10:58:16","slug":"preise-ferienhaus-fuchsloch","status":"publish","type":"page","link":"https:\/\/ferienhaus-fuchsloch.eu\/?page_id=48","title":{"rendered":"Preise"},"content":{"rendered":"<h2>Preise f\u00fcr das Ferienhaus Fuchsloch:<\/h2>\n<h4>Ab 4 \u00dcbernachtungen:<\/h4>\n<p>3 Schlafzimmer (= max. 6 Personen) : 240,00\u20ac \/ \u00dcbernachtung<\/p>\n<p>(= 40,00\u20ac \/ \u00dcbernachtung pro Person.)<\/p>\n<p>Jede weitere Person 30\u20ac\/\u00dc &nbsp;&nbsp;&nbsp;&nbsp;&nbsp;&nbsp;&nbsp;&nbsp;&nbsp;&nbsp;&nbsp;&nbsp;&nbsp;&nbsp;&nbsp;&nbsp;&nbsp;&nbsp;&nbsp;&nbsp;&nbsp;&nbsp;&nbsp;&nbsp;&nbsp;&nbsp;&nbsp;&nbsp;&nbsp;&nbsp;&nbsp;&nbsp;&nbsp;&nbsp;&nbsp;&nbsp;&nbsp;&nbsp;&nbsp;&nbsp;&nbsp;&nbsp;&nbsp;&nbsp;&nbsp;&nbsp;&nbsp;&nbsp;&nbsp;&nbsp;&nbsp;&nbsp;&nbsp;&nbsp;&nbsp;&nbsp;&nbsp;&nbsp;&nbsp;&nbsp;&nbsp;&nbsp;&nbsp;&nbsp;&nbsp; &nbsp;&nbsp;&nbsp;&nbsp;&nbsp;&nbsp;&nbsp;&nbsp;&nbsp;&nbsp;&nbsp;&nbsp;&nbsp;&nbsp;&nbsp;&nbsp;&nbsp;&nbsp;&nbsp;&nbsp;&nbsp;&nbsp;&nbsp;&nbsp;&nbsp;&nbsp;&nbsp;&nbsp;&nbsp;&nbsp;&nbsp;&nbsp;&nbsp;&nbsp;&nbsp;&nbsp;&nbsp;&nbsp;&nbsp;&nbsp;&nbsp;&nbsp;&nbsp;&nbsp;&nbsp;&nbsp;&nbsp;&nbsp;&nbsp;&nbsp;&nbsp;&nbsp;&nbsp;&nbsp;&nbsp;&nbsp;&nbsp;<\/p>\n<h4>Bei 3 \u00dcbernachtungen:<\/h4>\n<p>3 Schlafzimmer (= max. 6 Personen): 290,00\u20ac \/ \u00dcbernachtung<\/p>\n<p>( = 48,33\u20ac \/ \u00dcbernachtung pro Person.)<\/p>\n<p>&nbsp; Jede weitere Person&nbsp; 30\u20ac\/\u00dc)&nbsp;&nbsp;&nbsp;&nbsp;&nbsp;&nbsp;&nbsp;&nbsp;&nbsp;&nbsp;&nbsp;&nbsp;&nbsp;&nbsp;&nbsp;&nbsp;&nbsp;&nbsp;&nbsp;&nbsp;&nbsp;&nbsp;&nbsp;&nbsp;&nbsp;&nbsp;&nbsp;&nbsp;&nbsp;&nbsp;&nbsp;&nbsp;&nbsp;&nbsp;&nbsp;&nbsp;&nbsp;&nbsp;&nbsp;&nbsp;&nbsp;&nbsp;&nbsp;&nbsp;&nbsp;&nbsp;&nbsp;&nbsp;&nbsp;&nbsp;&nbsp;&nbsp;&nbsp;&nbsp;&nbsp;&nbsp;&nbsp;&nbsp;&nbsp;&nbsp;&nbsp;&nbsp;&nbsp;<\/p>\n<h4>Bei 2 \u00dcbernachtungen:<\/h4>\n<p>3 Schlafzimmer (= max. 6 Personen): 330,00\u20ac \/ \u00dcbernachtung<\/p>\n<p>(= 55,00\u20ac \/ \u00dcbernachtung pro Person.)&nbsp;<\/p>\n<p>Jede weitere Person 30\u20ac\/\u00dc &nbsp;&nbsp;&nbsp;&nbsp;&nbsp;&nbsp;&nbsp;&nbsp;&nbsp;&nbsp;&nbsp;&nbsp;&nbsp;&nbsp;&nbsp;&nbsp;&nbsp;&nbsp;&nbsp;&nbsp;&nbsp;&nbsp;&nbsp;&nbsp;&nbsp;&nbsp;&nbsp;&nbsp;&nbsp;&nbsp;&nbsp;&nbsp;&nbsp;&nbsp;&nbsp;&nbsp;&nbsp;&nbsp;&nbsp;&nbsp;&nbsp;&nbsp;&nbsp;&nbsp;&nbsp;&nbsp;&nbsp;&nbsp;&nbsp;&nbsp;&nbsp;&nbsp;&nbsp;&nbsp;&nbsp;&nbsp;&nbsp;&nbsp;<\/p>\n<h3>Sonderpreise \/ Sonstige Regelungen:<\/h3>\n<ul>\n<li><u>Kinder bis einschlie\u00dflich 4 Jahre<\/u> im Bett der Eltern, oder im Kinderbett <u>frei<\/u>.<\/li>\n<li>Kinder ab 5 Jahren vollzahlend<\/li>\n<li>Die Belegung mit <span style=\"text-decoration: underline;\">einzelnen Personen im Doppelzimmer<\/span> wird mit zus\u00e4tzlich <span style=\"text-decoration: underline;\">40,00\u20ac\/Aufenthalt pro Zimmer<\/span> berechnet.<\/li>\n<li>Hunde (max. 2 Tiere) 15,00\u20ac\/\u00dcbernachtung pro Tier.<\/li>\n<li>Es wird eine <strong>Kaution von 300\u20ac erhoben<\/strong>, die nach der Abreise und einwandfreiem Zustand des Objekts zur\u00fcck \u00fcberwiesen wird.<\/li>\n<li>Die Gemeinde Simmerath verlangt ab 01.01.2025 eine \u00dcbernachtungsabgabe von 5%, welche separat ausgewiesen wird.<\/li>\n<\/ul>\n<p><strong>K\u00fcrzere Verweildauer von einer oder mehreren Personen einer Gruppe kann im Endpreis nicht ber\u00fccksichtigt werden. Wir empfehlen eine Umrechnung innerhalb der Gruppe.<\/strong><\/p>\n<p>In diesen Preisen sind Bettw\u00e4sche, Hand- und Badet\u00fccher, Endreinigung* sowie die Nebenkosten (Strom, Wasser, Heizung) <span style=\"text-decoration: underline;\">inklusive<\/span>!<br>K\u00fcchent\u00fccher, Kaffeefilter, K\u00fcchenkrepp und WC-Papier etc. sind ebenso <u>kostenfrei vorr\u00e4tig<\/u>.<\/p>\n<h3>Wahlleistungen<\/h3>\n<p>Auf unserem Buchungsformular bieten wir noch Wahlleistungen an, wie z.B. Profi-Bierzapfanlage, Gasgrill, Finnische Grillkota, &#8230; Diese sind gegen einen kleinen Mietpreis verf\u00fcgbar.<\/p>\n<p><strong>Das Aufladen von Elektroautos ist nicht im Preis inbegriffen. In K\u00fcrze (Anfang 2025) wird eine E-Lades\u00e4ule zur Verf\u00fcgung stehen. Weitere Details folgen.<\/strong><\/p>\n<hr>\n<p><strong>Bitte gestalten Sie Ihren Aufenthalt so, dass es f\u00fcr Sie eine sch\u00f6ne Zeit wird, und auch andere Ferieng\u00e4ste in den Nachbarwohnungen und am Bootssteg, nicht beeintr\u00e4chtigt werden<\/strong>.&nbsp;&nbsp;&nbsp;&nbsp;&nbsp;&nbsp;&nbsp;&nbsp;&nbsp;&nbsp;&nbsp;<\/p>\n<p>Allgemeine Ruhezeiten: &nbsp;&nbsp;&nbsp;&nbsp;&nbsp;&nbsp;&nbsp;&nbsp;&nbsp;&nbsp;&nbsp;&nbsp;&nbsp;&nbsp;&nbsp;&nbsp;&nbsp;&nbsp;&nbsp;&nbsp;&nbsp;&nbsp;&nbsp;&nbsp;&nbsp;&nbsp;&nbsp;&nbsp;&nbsp;&nbsp;&nbsp;&nbsp;<\/p>\n<ul>\n<li>13 &#8211; 15 Uhr (Mittagsruhe)<\/li>\n<li>ab 22 Uhr (Nachtruhe)<\/li>\n<\/ul>\n<hr>\n<h4>*Endreinigung<\/h4>\n<p><strong>Die Endreinigung<\/strong> ist im Preis enthalten, aber \u00fcbliche Regeln der \u00dcbergabe nach Ihrem Aufenthalt sind nat\u00fcrlich einzuhalten:<\/p>\n<p>Es w\u00e4re sehr freundlich, wenn Sie die B\u00f6den und vielleicht auch die Treppen vor dem Verlassen des Hauses absaugen, <strong>also wie bei Ferienh\u00e4usern \u00fcblich, besenrein hinterlassen.<\/strong><\/p>\n<p><strong>Bitte bringen Sie unseren Mitarbeiterinnen, die daf\u00fcr sorgen, dass jeder das Haus und die Wohnungen wieder in einem TOP Zustand vorfindet, so viel Respekt entgegen, dass diese Damen nicht Ihren M\u00fcll entsorgen m\u00fcssen.<\/strong><\/p>\n<h5>M\u00fclltrennung<\/h5>\n<ul>\n<li>Restm\u00fcll, Wertstoffe, Papier: Die M\u00fclleimer bitte in die M\u00fcllbeh\u00e4lter unter der Terrasse vor dem Haus (hinter dem Holztor) entleeren<\/li>\n<li>Altglas:<u> bitte zum Glascontainer am Ortsausgang bringen<\/u>.&nbsp;&nbsp;&nbsp;&nbsp;&nbsp;<\/li>\n<\/ul>\n<hr>\n<h2>Saisonregelung:<\/h2>\n<h3>Nebensaison: 01. Januar &#8211; 30. April &amp; <br>01. Oktober &#8211; 31. Dezember<\/h3>\n<p>Minimum Anzahl \u00dcbernachtungen: 2 (ausgenommen Feiertage und NRW-Ferien)<\/p>\n<h3>Hauptsaison: 01. Mai &#8211; 30. September<\/h3>\n<p>Minimum Anzahl \u00dcbernachtungen: 4 (ausgenommen NRW-Ferien)<\/p>\n<h3>NRW-Ferien (Osterferien, Sommerferien, Herbstferien):<\/h3>\n<p>Minimum Anzahl \u00dcbernachtungen: 7<\/p>\n<h3>Feiertage<\/h3>\n<p><strong>(Karneval, Christi Himmelfahrt, Pfingsten, Fronleichnam, Tag der Deutschen Einheit, Weihnachten)<\/strong><\/p>\n<p>Minimum Anzahl \u00dcbernachtungen: 4<u><\/u><\/p>\n<h3>Silvester<\/h3>\n<h5>Silvester 2023 + 2024 + 2025 bereits ausgebucht!<\/h5>\n<h5>Silvesterfestpreis ab 2026 buchbar&#8230;<\/h5>\n<ul>\n<li>4 \u00dcbernachtungen 3.000,00 \u20ac max. 12 Personen. Wahlleistungen sind nicht erhalten.<\/li>\n<\/ul>\n<hr>\n<p>Ausnahmen best\u00e4tigen die Regel! Manchmal ergibt sich in der Hauptsaison eine L\u00fccke, die wir dann auch gerne mit k\u00fcrzeren Verweildauern schlie\u00dfen. Fragen Sie einfach nach!<\/p>\n\n\n<h3>Buchungsbedingungen, Zahlung, Vertragsr\u00fccktritt:<\/h3>\n\n\n\n<p>Bitte beachten Sie auch unsere allgemeinen Vertragsbedingungen f\u00fcr alle Objekte. Hier finden Sie wichtige Hinweise zu den Buchungsbedingungen, Zahlungsbedingungen sowie Informationen zu Stornierung &amp; R\u00fccktritt.<\/p>\n\n\n\n<p>Diese k\u00f6nnen Sie hier nachlesen:<\/p>\n\n\n\n<p><a href=\"https:\/\/ferienhaus-fuchsloch.eu\/?page_id=682\">Allgemeine Bedingungen<\/a><\/p>\n","protected":false},"excerpt":{"rendered":"<p>Preise f\u00fcr das Ferienhaus Fuchsloch: Ab 4 \u00dcbernachtungen: 3 Schlafzimmer (= max. 6 Personen) : 240,00\u20ac \/ \u00dcbernachtung (= 40,00\u20ac \/ \u00dcbernachtung pro Person.) Jede weitere Person 30\u20ac\/\u00dc &nbsp;&nbsp;&nbsp;&nbsp;&nbsp;&nbsp;&nbsp;&nbsp;&nbsp;&nbsp;&nbsp;&nbsp;&nbsp;&nbsp;&nbsp;&nbsp;&nbsp;&nbsp;&nbsp;&nbsp;&nbsp;&nbsp;&nbsp;&nbsp;&nbsp;&nbsp;&nbsp;&nbsp;&nbsp;&nbsp;&nbsp;&nbsp;&nbsp;&nbsp;&nbsp;&nbsp;&nbsp;&nbsp;&nbsp;&nbsp;&nbsp;&nbsp;&nbsp;&nbsp;&nbsp;&nbsp;&nbsp;&nbsp;&nbsp;&nbsp;&nbsp;&nbsp;&nbsp;&nbsp;&nbsp;&nbsp;&nbsp;&nbsp;&nbsp;&nbsp;&nbsp;&nbsp;&nbsp;&nbsp;&nbsp; &nbsp;&nbsp;&nbsp;&nbsp;&nbsp;&nbsp;&nbsp;&nbsp;&nbsp;&nbsp;&nbsp;&nbsp;&nbsp;&nbsp;&nbsp;&nbsp;&nbsp;&nbsp;&nbsp;&nbsp;&nbsp;&nbsp;&nbsp;&nbsp;&nbsp;&nbsp;&nbsp;&nbsp;&nbsp;&nbsp;&nbsp;&nbsp;&nbsp;&nbsp;&nbsp;&nbsp;&nbsp;&nbsp;&nbsp;&nbsp;&nbsp;&nbsp;&nbsp;&nbsp;&nbsp;&nbsp;&nbsp;&nbsp;&nbsp;&nbsp;&nbsp;&nbsp;&nbsp;&nbsp;&nbsp;&nbsp;&nbsp; Bei 3 \u00dcbernachtungen: 3 Schlafzimmer (= max. 6 Personen): 290,00\u20ac \/ \u00dcbernachtung ( = 48,33\u20ac \/ \u00dcbernachtung pro Person.) &nbsp; Jede weitere Person&nbsp; 30\u20ac\/\u00dc)&nbsp;&nbsp;&nbsp;&nbsp;&nbsp;&nbsp;&nbsp;&nbsp;&nbsp;&nbsp;&nbsp;&nbsp;&nbsp;&nbsp;&nbsp;&nbsp;&nbsp;&nbsp;&nbsp;&nbsp;&nbsp;&nbsp;&nbsp;&nbsp;&nbsp;&nbsp;&nbsp;&nbsp;&nbsp;&nbsp;&nbsp;&nbsp;&nbsp;&nbsp;&nbsp;&nbsp;&nbsp;&nbsp;&nbsp;&nbsp;&nbsp;&nbsp;&nbsp;&nbsp;&nbsp;&nbsp;&nbsp;&nbsp;&nbsp;&nbsp;&nbsp;&nbsp;&nbsp;&nbsp;&nbsp;&nbsp;&nbsp;&nbsp;&nbsp;&nbsp;&nbsp;&nbsp;&nbsp; Bei [&hellip;]<\/p>\n","protected":false},"author":1,"featured_media":0,"parent":13,"menu_order":0,"comment_status":"closed","ping_status":"closed","template":"","meta":[],"_links":{"self":[{"href":"https:\/\/ferienhaus-fuchsloch.eu\/index.php?rest_route=\/wp\/v2\/pages\/48"}],"collection":[{"href":"https:\/\/ferienhaus-fuchsloch.eu\/index.php?rest_route=\/wp\/v2\/pages"}],"about":[{"href":"https:\/\/ferienhaus-fuchsloch.eu\/index.php?rest_route=\/wp\/v2\/types\/page"}],"author":[{"embeddable":true,"href":"https:\/\/ferienhaus-fuchsloch.eu\/index.php?rest_route=\/wp\/v2\/users\/1"}],"replies":[{"embeddable":true,"href":"https:\/\/ferienhaus-fuchsloch.eu\/index.php?rest_route=%2Fwp%2Fv2%2Fcomments&post=48"}],"version-history":[{"count":63,"href":"https:\/\/ferienhaus-fuchsloch.eu\/index.php?rest_route=\/wp\/v2\/pages\/48\/revisions"}],"predecessor-version":[{"id":970,"href":"https:\/\/ferienhaus-fuchsloch.eu\/index.php?rest_route=\/wp\/v2\/pages\/48\/revisions\/970"}],"up":[{"embeddable":true,"href":"https:\/\/ferienhaus-fuchsloch.eu\/index.php?rest_route=\/wp\/v2\/pages\/13"}],"wp:attachment":[{"href":"https:\/\/ferienhaus-fuchsloch.eu\/index.php?rest_route=%2Fwp%2Fv2%2Fmedia&parent=48"}],"curies":[{"name":"wp","href":"https:\/\/api.w.org\/{rel}","templated":true}]}}