{"id":20,"date":"2015-12-26T21:10:17","date_gmt":"2015-12-26T20:10:17","guid":{"rendered":"http:\/\/ferienhaus-fuchsloch.eu\/?page_id=20"},"modified":"2016-01-03T16:46:09","modified_gmt":"2016-01-03T15:46:09","slug":"umgebung","status":"publish","type":"page","link":"https:\/\/ferienhaus-fuchsloch.eu\/?page_id=20","title":{"rendered":"Umgebung"},"content":{"rendered":"<h2>Unser Ferienhaus liegt direkt am Ufer des Rursees im Nationalpark Eifel<\/h2>\n<h3>Rurberg, Simmerath und Umgebung<\/h3>\n<p>Inmitten der Eifelh\u00f6hen gelegen, bietet Ihnen der Rursee zahlreiche Erholungsm\u00f6glichkeiten. Wer sich selbst und seinen Lieben ein paar Stunden oder Tage Erholung, Entspannung, Spa\u00df, Sport oder Spiel g\u00f6nnen will, wird die Zeit hier genie\u00dfen.<\/p>\n<h4>Rurberg &#8211; Erholung direkt am See<\/h4>\n<p>Die Ortschaft Rurberg ist das ideale Umfeld f\u00fcr einen erholsamen Urlaub mit Erlebnisqualit\u00e4t. Unsere Unterk\u00fcnfte liegen auf der ruhigen Seite des idyllischen Ortes Rurbergs. Dennoch sind Sie auch in ca. 20min zu Fu\u00df im lebhaften &#8222;Zentrum&#8220; des Ortes. Hier finden Sie neben verschiedenen Cafes und Restaurants, unter anderem die Anlegestelle der Rursee-Schifffahrt, das kostenlose Naturfreibad mit gro\u00dfer Sonnenwiese, einen Kiosk, Mini-Golf und das Informationszentrum &#8222;Nationalparktor&#8220;.<\/p>\n<h4>Simmerath &#8211; Eine Gemeinde hat viel zu bieten<\/h4>\n<p>Mit seinen zwanzig Ortschaften hat Simmerath das ganze Jahr Saison. Im Hauptort Simmerath (in ca. 10min mit dem Auto erreichbar) finden Sie alle Gesch\u00e4fte des t\u00e4glichen Bedarfs, wie Superm\u00e4rkte, Discounter und B\u00e4cker, sowie auch einige Modegesch\u00e4fte. Au\u00dferdem sammeln sich hier \u00c4rzte diverser Fachrichtungen, die Eifel-Klinik Sankt Brigida, Apotheken, Beh\u00f6rden und Banken.<\/p>\n<h4>Einruhr: Natur- und Erlebnisbad und Heilsteinquelle<\/h4>\n<p>Den Nachbarort Einruhr erreichen Sie nach einer kurzen Wanderung oder bequem mit der Rurseeschiffahrt. Bekannt ist der Ort unter anderem f\u00fcr die &#8222;Heilsteinquelle&#8220;. Diese Quelle genie\u00dft einen ausgezeichneten Ruf: geringer Salzgehalt, hoher Magnesiumanteil, hoher Kohlens\u00e4uregehalt. Einen gesunden Schluck k\u00f6nnen Sie vom Brunnen vor dem Heilsteinhaus in Einruhr nehmen.<\/p>\n<p>Aber auch die vielen gastronomischen Betriebe und das Natur- und Erlebnisbad sind einen Ausflug in den Nachbarort wert.<\/p>\n<div id='gallery-1' class='czr-gallery row flex-row czr-gallery-style gallery galleryid-20 gallery-columns-3 gallery-size-thumbnail'><figure class='gallery-item col col-auto'>\r\n                        <div class='gallery-icon landscape czr-gallery-icon'>\r\n                              <a data-lb-type=\"grouped-gallery\" title=\"wilde Landschaften\" href=https:\/\/ferienhaus-fuchsloch.eu\/wp-content\/uploads\/2015\/12\/P1070243.jpg class=\"bg-link\"><\/a><img width=\"150\" height=\"150\" src=\"https:\/\/ferienhaus-fuchsloch.eu\/wp-content\/uploads\/2015\/12\/P1070243-150x150.jpg\" class=\"attachment-thumbnail size-thumbnail\" alt=\"\" loading=\"lazy\" sizes=\"(min-width: 1200px) 350px, (min-width: 992px) 290px, (min-width: 768px) 210px, (min-width: 576px) 150px, calc( 50vw - 30px )\" aria-describedby=\"gallery-1-211\" \/>\r\n                        <\/div>\r\n                              <figcaption class='wp-caption-text gallery-caption' id='gallery-1-211'>\r\n                              wilde Landschaften\r\n                              <\/figcaption><\/figure><figure class='gallery-item col col-auto'>\r\n                        <div class='gallery-icon landscape czr-gallery-icon'>\r\n                              <a data-lb-type=\"grouped-gallery\" title=\"Wandern auf dem Eifelsteig\" href=https:\/\/ferienhaus-fuchsloch.eu\/wp-content\/uploads\/2015\/12\/P1010156.jpg class=\"bg-link\"><\/a><img width=\"150\" height=\"150\" src=\"https:\/\/ferienhaus-fuchsloch.eu\/wp-content\/uploads\/2015\/12\/P1010156-150x150.jpg\" class=\"attachment-thumbnail size-thumbnail\" alt=\"\" loading=\"lazy\" sizes=\"(min-width: 1200px) 350px, (min-width: 992px) 290px, (min-width: 768px) 210px, (min-width: 576px) 150px, calc( 50vw - 30px )\" aria-describedby=\"gallery-1-209\" \/>\r\n                        <\/div>\r\n                              <figcaption class='wp-caption-text gallery-caption' id='gallery-1-209'>\r\n                              Wandern auf dem Eifelsteig\r\n                              <\/figcaption><\/figure><figure class='gallery-item col col-auto'>\r\n                        <div class='gallery-icon landscape czr-gallery-icon'>\r\n                              <a data-lb-type=\"grouped-gallery\" title=\"Viele Wege nach Einruhr\" href=https:\/\/ferienhaus-fuchsloch.eu\/wp-content\/uploads\/2015\/12\/rursee-18.07.2010-032.jpg class=\"bg-link\"><\/a><img width=\"150\" height=\"150\" src=\"https:\/\/ferienhaus-fuchsloch.eu\/wp-content\/uploads\/2015\/12\/rursee-18.07.2010-032-150x150.jpg\" class=\"attachment-thumbnail size-thumbnail\" alt=\"\" loading=\"lazy\" sizes=\"(min-width: 1200px) 350px, (min-width: 992px) 290px, (min-width: 768px) 210px, (min-width: 576px) 150px, calc( 50vw - 30px )\" aria-describedby=\"gallery-1-203\" \/>\r\n                        <\/div>\r\n                              <figcaption class='wp-caption-text gallery-caption' id='gallery-1-203'>\r\n                              Viele Wege nach Einruhr\r\n                              <\/figcaption><\/figure>\r\n                  <\/div>\n\n<p>&nbsp;<\/p>\n<h3>Veranstaltungen<\/h3>\n<h4>Rurseefest &#8222;Rursee in Flammen&#8220;<\/h4>\n<p>Im Juli, meistens am 3. Wochenende (den aktuellen Termin finden Sie im Internet), findet das Rurseefest mit gro\u00dfem Abschlussfeuerwerk statt. Abgerundet wird das Programm mit einem kleinen Markt und verschiedenen Open-Air Konzerten.<\/p>\n<h4>Rursee Marathon<\/h4>\n<p>Allj\u00e4hrlich im November bricht das Marathonfieber in Einruhr aus. Zahlreiche Sportler nehmen die 42 km lange Strecke rund um den Rursee in Angriff.<\/p>\n<h3>Nationalpark Eifel<\/h3>\n<p>Den Nationalpark k\u00f6nnen Sie auf ausgewiesenen Strecken auf eigene Faust erkunden. Es werden aber auch zahlreiche F\u00fchrungen durch die Nationalparkranger angeboten. Informationen halten wir f\u00fcr Sie bereit.<\/p>\n<h3>Die Talsperre<\/h3>\n<p>Mit einem Fassungsverm\u00f6gen von 205 Millionen m\u00b3 ist der See eine der gr\u00f6\u00dften Talsperren Deutschlands. Wassersport in nahezu jeder Form ist in und um den Rursee m\u00f6glich. Die zahlreichen Caf\u00e9s und Restaurants am Rursee laden ein zum Verweilen und Geniessen. Wer es beschaulicher liebt, &#8222;schippert&#8220; mit der wei\u00dfen Rurseeflotte \u00fcber den See und genie\u00dft die reizvolle Landschaft vom Wasser aus. In den vielen stillen Buchten versprechen Aal, Hecht und Karpfen dem Angler &#8222;Petri Heil&#8216;. Immer wieder ein besonderes Erlebnis ist eine Radtour rund um den See.<\/p>\n<div id='gallery-2' class='czr-gallery row flex-row czr-gallery-style gallery galleryid-20 gallery-columns-3 gallery-size-thumbnail'><figure class='gallery-item col col-auto'>\r\n                        <div class='gallery-icon landscape czr-gallery-icon'>\r\n                              <a data-lb-type=\"grouped-gallery\" title=\"Rurseeschiffahrt\" href=https:\/\/ferienhaus-fuchsloch.eu\/wp-content\/uploads\/2015\/12\/P1010343.jpg class=\"bg-link\"><\/a><img width=\"150\" height=\"150\" src=\"https:\/\/ferienhaus-fuchsloch.eu\/wp-content\/uploads\/2015\/12\/P1010343-150x150.jpg\" class=\"attachment-thumbnail size-thumbnail\" alt=\"\" loading=\"lazy\" sizes=\"(min-width: 1200px) 350px, (min-width: 992px) 290px, (min-width: 768px) 210px, (min-width: 576px) 150px, calc( 50vw - 30px )\" aria-describedby=\"gallery-2-207\" \/>\r\n                        <\/div>\r\n                              <figcaption class='wp-caption-text gallery-caption' id='gallery-2-207'>\r\n                              Rurseeschiffahrt\r\n                              <\/figcaption><\/figure><figure class='gallery-item col col-auto'>\r\n                        <div class='gallery-icon landscape czr-gallery-icon'>\r\n                              <a data-lb-type=\"grouped-gallery\" title=\"Segeln\" href=https:\/\/ferienhaus-fuchsloch.eu\/wp-content\/uploads\/2015\/12\/Bilder-Ausflug-Tretboot-und-Fliegengitter-12.09.2012-005.jpg class=\"bg-link\"><\/a><img width=\"150\" height=\"150\" src=\"https:\/\/ferienhaus-fuchsloch.eu\/wp-content\/uploads\/2015\/12\/Bilder-Ausflug-Tretboot-und-Fliegengitter-12.09.2012-005-150x150.jpg\" class=\"attachment-thumbnail size-thumbnail\" alt=\"\" loading=\"lazy\" sizes=\"(min-width: 1200px) 350px, (min-width: 992px) 290px, (min-width: 768px) 210px, (min-width: 576px) 150px, calc( 50vw - 30px )\" aria-describedby=\"gallery-2-205\" \/>\r\n                        <\/div>\r\n                              <figcaption class='wp-caption-text gallery-caption' id='gallery-2-205'>\r\n                              Segeln\r\n                              <\/figcaption><\/figure><figure class='gallery-item col col-auto'>\r\n                        <div class='gallery-icon landscape czr-gallery-icon'>\r\n                              <a data-lb-type=\"grouped-gallery\" title=\"Talsperre im Winter\" href=https:\/\/ferienhaus-fuchsloch.eu\/wp-content\/uploads\/2015\/12\/P1010217.jpg class=\"bg-link\"><\/a><img width=\"150\" height=\"150\" src=\"https:\/\/ferienhaus-fuchsloch.eu\/wp-content\/uploads\/2015\/12\/P1010217-150x150.jpg\" class=\"attachment-thumbnail size-thumbnail\" alt=\"\" loading=\"lazy\" sizes=\"(min-width: 1200px) 350px, (min-width: 992px) 290px, (min-width: 768px) 210px, (min-width: 576px) 150px, calc( 50vw - 30px )\" aria-describedby=\"gallery-2-210\" \/>\r\n                        <\/div>\r\n                              <figcaption class='wp-caption-text gallery-caption' id='gallery-2-210'>\r\n                              Talsperre im Winter\r\n                              <\/figcaption><\/figure>\r\n                  <\/div>\n\n<h3>Monschau<\/h3>\n<p>Das sch\u00f6ne Eifelst\u00e4dtchen Monschau ist in ca. 20 Autominuten zu erreichen. Dort finden Sie eine reizende Altstadt mit Senfm\u00fchle, Glash\u00fctte, Handwerkerdorf, Brauereimuseum, Tuchmachermuseum, &#8222;Rotes Haus&#8220; und vielem mehr.<br \/>\nZu den Adventswochenenden k\u00f6nnen Sie von Freitag bis Sonntag den stimmungsvollen Weihnachtsmarkt besuchen. Dies lohnt besonders in der D\u00e4mmerung, da dann die historische Kulisse von Monschau richtig zur Geltung kommt.<\/p>\n<p>Auch den deutsch-belgischen Naturpark &#8222;Hohes Venn&#8220; und den Radwanderweg &#8222;Vennbahn&#8220; (Ravel-route) erreichen Sie gut von Monschau aus. Der &#8222;Eifelsteig&#8220; f\u00fchrt ebenfalls durch die sch\u00f6ne Fachwerkstadt.<\/p>\n<div id='gallery-3' class='czr-gallery row flex-row czr-gallery-style gallery galleryid-20 gallery-columns-2 gallery-size-thumbnail'><figure class='gallery-item col col-auto'>\r\n                        <div class='gallery-icon landscape czr-gallery-icon'>\r\n                              <a data-lb-type=\"grouped-gallery\" title=\"Naturpark Hohes Venn\" href=https:\/\/ferienhaus-fuchsloch.eu\/wp-content\/uploads\/2015\/12\/2014-08-iphone-042.jpg class=\"bg-link\"><\/a><img width=\"150\" height=\"150\" src=\"https:\/\/ferienhaus-fuchsloch.eu\/wp-content\/uploads\/2015\/12\/2014-08-iphone-042-150x150.jpg\" class=\"attachment-thumbnail size-thumbnail\" alt=\"\" loading=\"lazy\" sizes=\"(min-width: 1200px) 540px, (min-width: 992px) 450px, (min-width: 768px) 330px, (min-width: 576px) 240px, calc( 50vw - 30px )\" aria-describedby=\"gallery-3-208\" \/>\r\n                        <\/div>\r\n                              <figcaption class='wp-caption-text gallery-caption' id='gallery-3-208'>\r\n                              Naturpark Hohes Venn\r\n                              <\/figcaption><\/figure><figure class='gallery-item col col-auto'>\r\n                        <div class='gallery-icon landscape czr-gallery-icon'>\r\n                              <a data-lb-type=\"grouped-gallery\" title=\"Monschau mit Burg\" href=https:\/\/ferienhaus-fuchsloch.eu\/wp-content\/uploads\/2015\/12\/burgmonschau.jpg class=\"bg-link\"><\/a><img width=\"133\" height=\"100\" src=\"https:\/\/ferienhaus-fuchsloch.eu\/wp-content\/uploads\/2015\/12\/burgmonschau.jpg\" class=\"attachment-thumbnail size-thumbnail\" alt=\"\" loading=\"lazy\" sizes=\"(min-width: 1200px) 540px, (min-width: 992px) 450px, (min-width: 768px) 330px, (min-width: 576px) 240px, calc( 50vw - 30px )\" aria-describedby=\"gallery-3-202\" \/>\r\n                        <\/div>\r\n                              <figcaption class='wp-caption-text gallery-caption' id='gallery-3-202'>\r\n                              Monschau mit Burg\r\n                              <\/figcaption><\/figure>\r\n                  <\/div>\n\n","protected":false},"excerpt":{"rendered":"<p>Unser Ferienhaus liegt direkt am Ufer des Rursees im Nationalpark Eifel Rurberg, Simmerath und Umgebung Inmitten der Eifelh\u00f6hen gelegen, bietet Ihnen der Rursee zahlreiche Erholungsm\u00f6glichkeiten. Wer sich selbst und seinen Lieben ein paar Stunden oder Tage Erholung, Entspannung, Spa\u00df, Sport oder Spiel g\u00f6nnen will, wird die Zeit hier genie\u00dfen. Rurberg &#8211; Erholung direkt am See [&hellip;]<\/p>\n","protected":false},"author":1,"featured_media":21,"parent":0,"menu_order":0,"comment_status":"closed","ping_status":"closed","template":"","meta":[],"_links":{"self":[{"href":"https:\/\/ferienhaus-fuchsloch.eu\/index.php?rest_route=\/wp\/v2\/pages\/20"}],"collection":[{"href":"https:\/\/ferienhaus-fuchsloch.eu\/index.php?rest_route=\/wp\/v2\/pages"}],"about":[{"href":"https:\/\/ferienhaus-fuchsloch.eu\/index.php?rest_route=\/wp\/v2\/types\/page"}],"author":[{"embeddable":true,"href":"https:\/\/ferienhaus-fuchsloch.eu\/index.php?rest_route=\/wp\/v2\/users\/1"}],"replies":[{"embeddable":true,"href":"https:\/\/ferienhaus-fuchsloch.eu\/index.php?rest_route=%2Fwp%2Fv2%2Fcomments&post=20"}],"version-history":[{"count":5,"href":"https:\/\/ferienhaus-fuchsloch.eu\/index.php?rest_route=\/wp\/v2\/pages\/20\/revisions"}],"predecessor-version":[{"id":214,"href":"https:\/\/ferienhaus-fuchsloch.eu\/index.php?rest_route=\/wp\/v2\/pages\/20\/revisions\/214"}],"wp:featuredmedia":[{"embeddable":true,"href":"https:\/\/ferienhaus-fuchsloch.eu\/index.php?rest_route=\/wp\/v2\/media\/21"}],"wp:attachment":[{"href":"https:\/\/ferienhaus-fuchsloch.eu\/index.php?rest_route=%2Fwp%2Fv2%2Fmedia&parent=20"}],"curies":[{"name":"wp","href":"https:\/\/api.w.org\/{rel}","templated":true}]}}