{"id":173,"date":"2015-12-28T00:51:12","date_gmt":"2015-12-27T23:51:12","guid":{"rendered":"http:\/\/ferienhaus-fuchsloch.eu\/?page_id=173"},"modified":"2022-08-16T07:16:36","modified_gmt":"2022-08-16T06:16:36","slug":"kontakt","status":"publish","type":"page","link":"https:\/\/ferienhaus-fuchsloch.eu\/?page_id=173","title":{"rendered":"Kontakt\/Buchung"},"content":{"rendered":"<h2 style=\"text-align: center;\">Sie haben eine Buchungsanfrage oder m\u00f6chten so mit uns in Kontakt treten?<\/h2>\n<h2 style=\"text-align: center;\">Dann nutzen Sie gerne eine der folgenden M\u00f6glichkeiten:<\/h2>\n<h2 style=\"text-align: center;\">(Sie finden auf dieser Seite ebenfalls ein Buchungsanfrageformular f\u00fcr eine direkte Buchungsanfrage)<\/h2>\n<h3 style=\"text-align: left;\">Telefon &amp; E-Mail:<\/h3>\n<p style=\"text-align: left;\">Telefon: +49 (0) 2473 \/ 92 86 010<\/p>\n<p>(Telefonische Erreichbarkeit Montag &#8211; Freitag von 10 Uhr bis 18 Uhr + Samstag &#8211; Sonntag von 12 Uhr bis 15 Uhr)<\/p>\n<p style=\"text-align: left;\"><a href=\"mailto:info@ferienhaus-fuchsloch.de\">info@ferienhaus-fuchsloch.de<\/a><\/p>\n<hr \/>\n<h3 style=\"text-align: center;\"><strong>Wir versuchen so schnell wie m\u00f6glich auf Ihre Anfrage zu reagieren. In der Regel sollten Sie sp\u00e4testens innerhalb von 48h eine Antwort von uns haben.<\/strong><\/h3>\n<hr \/>\n<h3>Wichtiger Hinweis:<\/h3>\n<p>Mit Absenden des Formulars und\/oder einer Buchungsanfrage akzeptieren Sie unsere allgemeinen Bedingungen: Diese k\u00f6nnen Sie hier nachlesen:<\/p>\n<p><a href=\"https:\/\/ferienhaus-fuchsloch.eu\/?page_id=682\">Allgemeine Bedingungen<\/a><\/p>\n<h3>Allgemeines Kontaktformular (Ein Buchungsanfrageformular finden Sie weiter unten)<\/h3>\n<p>Nutzen Sie das Kontaktformular f\u00fcr allgemeine Anfragen.<\/p>\n<p><!-- Anfang: Kontaktanfragemodul fungiwo.de --><iframe loading=\"lazy\" src=\"\/\/www.fungiwo.com\/extern\/kontakt.php?id=11109737&amp;sprache=deutsch\" name=\"fungiwoKontaktanfrage\" width=\"100%\" height=\"1000\" frameborder=\"0\" scrolling=\"no\"><\/iframe><span style=\"font-size: 12px;\"><a style=\"color: #000000; text-decoration: none;\" href=\"https:\/\/www.fungiwo.com\" target=\"_blank\" rel=\"noopener noreferrer\">fungiwo.de<\/a> &#8211; Die Ferienobjekt Software.<\/span><!-- Ende: Kontaktanfragemodul von fungiwo.de --><\/p>\n<h3>Buchungsanfrage:<\/h3>\n<p>Hier haben Sie die M\u00f6glichkeit eine direkte Buchungsanfrage zu stellen inkl. der Buchung von Zusatzleistungen.<\/p>\n<p><!-- Anfang: Buchungsanfragemodul fungiwo.de --><iframe loading=\"lazy\" style=\"overflow-x: hidden; overflow-y: scroll;\" src=\"\/\/www.fungiwo.com\/extern\/anfrage.php?id=11109737&amp;sprache=deutsch\" name=\"fungiwo.de-Buchungsanfrage\" width=\"100%\" height=\"1000\" frameborder=\"0\"><\/iframe><span style=\"font-size: 12px;\"><a style=\"color: #000000; text-decoration: none;\" href=\"https:\/\/www.fungiwo.com\" target=\"_blank\" rel=\"noopener noreferrer\">fungiwo.de<\/a> &#8211; Die Ferienobjekt Software.<\/span><!-- Ende: Buchungsanfragemodul von fungiwo.de --><\/p>\n","protected":false},"excerpt":{"rendered":"<p>Sie haben eine Buchungsanfrage oder m\u00f6chten so mit uns in Kontakt treten? Dann nutzen Sie gerne eine der folgenden M\u00f6glichkeiten: (Sie finden auf dieser Seite ebenfalls ein Buchungsanfrageformular f\u00fcr eine direkte Buchungsanfrage) Telefon &amp; E-Mail: Telefon: +49 (0) 2473 \/ 92 86 010 (Telefonische Erreichbarkeit Montag &#8211; Freitag von 10 Uhr bis 18 Uhr + [&hellip;]<\/p>\n","protected":false},"author":1,"featured_media":0,"parent":0,"menu_order":0,"comment_status":"closed","ping_status":"closed","template":"","meta":[],"_links":{"self":[{"href":"https:\/\/ferienhaus-fuchsloch.eu\/index.php?rest_route=\/wp\/v2\/pages\/173"}],"collection":[{"href":"https:\/\/ferienhaus-fuchsloch.eu\/index.php?rest_route=\/wp\/v2\/pages"}],"about":[{"href":"https:\/\/ferienhaus-fuchsloch.eu\/index.php?rest_route=\/wp\/v2\/types\/page"}],"author":[{"embeddable":true,"href":"https:\/\/ferienhaus-fuchsloch.eu\/index.php?rest_route=\/wp\/v2\/users\/1"}],"replies":[{"embeddable":true,"href":"https:\/\/ferienhaus-fuchsloch.eu\/index.php?rest_route=%2Fwp%2Fv2%2Fcomments&post=173"}],"version-history":[{"count":26,"href":"https:\/\/ferienhaus-fuchsloch.eu\/index.php?rest_route=\/wp\/v2\/pages\/173\/revisions"}],"predecessor-version":[{"id":857,"href":"https:\/\/ferienhaus-fuchsloch.eu\/index.php?rest_route=\/wp\/v2\/pages\/173\/revisions\/857"}],"wp:attachment":[{"href":"https:\/\/ferienhaus-fuchsloch.eu\/index.php?rest_route=%2Fwp%2Fv2%2Fmedia&parent=173"}],"curies":[{"name":"wp","href":"https:\/\/api.w.org\/{rel}","templated":true}]}}